{"id":17,"date":"2021-03-18T20:20:11","date_gmt":"2021-03-18T19:20:11","guid":{"rendered":"http:\/\/privat-salg-service.dk\/?page_id=17"},"modified":"2021-03-18T20:31:03","modified_gmt":"2021-03-18T19:31:03","slug":"forside-2","status":"publish","type":"page","link":"https:\/\/privat-salg-service.dk\/","title":{"rendered":"Forside"},"content":{"rendered":"<h1 style=\"text-align: center;\"><strong>Privat Salg Service<\/strong> <img decoding=\"async\" class=\" wp-image-18 aligncenter\" src=\"http:\/\/privat-salg-service.dk\/wp-content\/uploads\/2021\/03\/Diagram_Internet-300x118.png\" alt=\"diagram over nettet\" width=\"862\" height=\"339\" srcset=\"https:\/\/privat-salg-service.dk\/wp-content\/uploads\/2021\/03\/Diagram_Internet-200x79.png 200w, https:\/\/privat-salg-service.dk\/wp-content\/uploads\/2021\/03\/Diagram_Internet-300x118.png 300w, https:\/\/privat-salg-service.dk\/wp-content\/uploads\/2021\/03\/Diagram_Internet-400x158.png 400w, https:\/\/privat-salg-service.dk\/wp-content\/uploads\/2021\/03\/Diagram_Internet-600x236.png 600w, https:\/\/privat-salg-service.dk\/wp-content\/uploads\/2021\/03\/Diagram_Internet-768x302.png 768w, https:\/\/privat-salg-service.dk\/wp-content\/uploads\/2021\/03\/Diagram_Internet-800x315.png 800w, https:\/\/privat-salg-service.dk\/wp-content\/uploads\/2021\/03\/Diagram_Internet-1024x403.png 1024w, https:\/\/privat-salg-service.dk\/wp-content\/uploads\/2021\/03\/Diagram_Internet.png 1201w\" sizes=\"(max-width: 862px) 100vw, 862px\" \/><\/h1>\n<p>Her er mit lille projekt tegnet som et diagram. Vi er et IT firma, som \u00f8nsker at udvikle nye produkter til jer forbruger. Det g\u00e6lder b\u00e5de private, firmaer og foreninger.\u00a0 Vi har lige udviklet vores egen server, som b\u00e5de giver nogle fordele, men ogs\u00e5 nogle udfordringer. Ideen til dette er kommet frem som et delprodukt af et foreningsprogram, som skulle holde styr p\u00e5 tilmelding, kampe og placering af holdene i hver deres pulje. Programmet skulle ogs\u00e5 lave kampfordeling, men s\u00e5 kom Covin-19 ogs\u00e5 var projektet d\u00f8d end til videre. Der vil komme en demo version af dette produkt p\u00e5 denne side. Herudover vil auktionsprogrammet ogs\u00e5 at finde her p\u00e5 siden.<\/p>\n","protected":false},"excerpt":{"rendered":"<p>Privat Salg Service Her er mit lille projekt tegnet som [&hellip;]<\/p>\n","protected":false},"author":1,"featured_media":0,"parent":0,"menu_order":0,"comment_status":"closed","ping_status":"closed","template":"","meta":{"footnotes":""},"class_list":["post-17","page","type-page","status-publish","hentry"],"_links":{"self":[{"href":"https:\/\/privat-salg-service.dk\/index.php?rest_route=\/wp\/v2\/pages\/17","targetHints":{"allow":["GET"]}}],"collection":[{"href":"https:\/\/privat-salg-service.dk\/index.php?rest_route=\/wp\/v2\/pages"}],"about":[{"href":"https:\/\/privat-salg-service.dk\/index.php?rest_route=\/wp\/v2\/types\/page"}],"author":[{"embeddable":true,"href":"https:\/\/privat-salg-service.dk\/index.php?rest_route=\/wp\/v2\/users\/1"}],"replies":[{"embeddable":true,"href":"https:\/\/privat-salg-service.dk\/index.php?rest_route=%2Fwp%2Fv2%2Fcomments&post=17"}],"version-history":[{"count":5,"href":"https:\/\/privat-salg-service.dk\/index.php?rest_route=\/wp\/v2\/pages\/17\/revisions"}],"predecessor-version":[{"id":23,"href":"https:\/\/privat-salg-service.dk\/index.php?rest_route=\/wp\/v2\/pages\/17\/revisions\/23"}],"wp:attachment":[{"href":"https:\/\/privat-salg-service.dk\/index.php?rest_route=%2Fwp%2Fv2%2Fmedia&parent=17"}],"curies":[{"name":"wp","href":"https:\/\/api.w.org\/{rel}","templated":true}]}}